{"id":18,"date":"2023-11-06T20:26:20","date_gmt":"2023-11-06T20:26:20","guid":{"rendered":"https:\/\/highqualitygroup.cl\/?page_id=18"},"modified":"2023-11-06T20:26:21","modified_gmt":"2023-11-06T20:26:21","slug":"quienes-somos","status":"publish","type":"page","link":"https:\/\/highqualitygroup.cl\/index.php\/quienes-somos\/","title":{"rendered":"Quienes Somos"},"content":{"rendered":"\n<h3 class=\"wp-block-heading has-text-align-center\">HISTORIA<\/h3>\n\n\n\n<p><strong>HIGH QUALITY GROUP Ltda.<\/strong>, fue creada en abril del a\u00f1o 2017 para proporcionar servicios de excelencia al mundo empresarial relacionados con los sistemas de gesti\u00f3n basados en est\u00e1ndares internacionales.<\/p>\n\n\n\n<p>Actualmente cuenta con una importante cartera de clientes y una amplia gama de servicios que incluyen la implementaci\u00f3n, mantenci\u00f3n, auditor\u00edas internas, evaluaciones de cumplimiento legal, tratamiento de no conformidades y capacitaci\u00f3n en sistemas de gesti\u00f3n basados en las normas ISO 9001 \u2013 ISO 14001 \u2013 ISO 45001 \u2013 ISO 27001 \u2013 ISO 50001 \u2013 ISO 55001 \u2013 ISO 39001 \u2013 NCH 2728 \u2013 SMETA \u2013 SA 8000.<\/p>\n\n\n\n<p>Nuestra s\u00f3lida red de asesores calificados garantiza una cobertura completa en las \u00e1reas de consultor\u00eda que brindamos.<\/p>\n\n\n\n<p>Trabajamos en colaboraci\u00f3n de toda la empresa para comprender su operaci\u00f3n y dise\u00f1ar sistemas que est\u00e9n alineados con su direcci\u00f3n estrat\u00e9gica.<\/p>\n\n\n\n<p>De esta forma HIGH QUALITY GROUP Ltda., posee factores cr\u00edticos de \u00e9xito para buscar liderar el mercado de implementaci\u00f3n y mantenci\u00f3n de sistemas de gesti\u00f3n.<\/p>\n\n\n\n<h3 class=\"wp-block-heading has-text-align-center\">VISION<\/h3>\n\n\n\n<p>\u201cEn <strong>HIGH QUALITY GROUP Ltda<\/strong>., buscamos transformarnos en la empresa l\u00edder en la consultor\u00eda de sistemas de gesti\u00f3n a nivel nacional\u201d<\/p>\n\n\n\n<h3 class=\"wp-block-heading has-text-align-center\">MISION<\/h3>\n\n\n\n<p>\u201cEn HIGH QUALITY GROUP Ltda., nuestro prop\u00f3sito es dise\u00f1ar, implementar, auditar y mantener sistemas de gesti\u00f3n alineados con la direcci\u00f3n estrat\u00e9gica de nuestros clientes\u201d.<\/p>\n\n\n\n<h3 class=\"wp-block-heading has-text-align-center\">VALORES<\/h3>\n\n\n\n<p><br><strong>Respeto<\/strong><br>Tratamos a los miembros de nuestro equipo, clientes y proveedores con respeto mutuo y sensibilidad.<\/p>\n\n\n\n<p><br><strong>Orientaci\u00f3n al cliente<\/strong><br>Nuestra capacidad para escuchar, comprender y satisfacer genuinamente las necesidades de nuestros clientes es un diferenciador clave y un factor cr\u00edtico de \u00e9xito para nuestro negocio.<\/p>\n\n\n\n<p><br><strong>Agilidad<\/strong><\/p>\n\n\n\n<p>Nos esforzamos por hacer m\u00e1s f\u00e1cil la experiencia de nuestros clientes proponiendo soluciones intuitivas y agiles.<\/p>\n\n\n\n<p><br><strong>Honestidad y Transparencia<\/strong><br>Tratamos a nuestros clientes y nuestros colaboradores con la m\u00e1xima honestidad y transparencia.<\/p>\n\n\n\n<p><br><strong>Integridad<\/strong><br>Siempre actuamos \u00e9ticamente y cumplimos con los compromisos que asumimos.<\/p>\n\n\n\n<p><br><strong>Creatividad e innovaci\u00f3n<\/strong><br>Asumimos riesgos para innovar y permanecer a la vanguardia<\/p>\n","protected":false},"excerpt":{"rendered":"<p>HISTORIA HIGH QUALITY GROUP Ltda., fue creada en abril del a\u00f1o 2017 para proporcionar servicios de excelencia al mundo empresarial relacionados con los sistemas de gesti\u00f3n basados en est\u00e1ndares internacionales. Actualmente cuenta con una importante cartera de clientes y una amplia gama de servicios que incluyen la implementaci\u00f3n, mantenci\u00f3n, auditor\u00edas internas, evaluaciones de cumplimiento legal, [&hellip;]<\/p>\n","protected":false},"author":1,"featured_media":0,"parent":0,"menu_order":0,"comment_status":"closed","ping_status":"closed","template":"","meta":{"_themeisle_gutenberg_block_has_review":false,"footnotes":""},"class_list":["post-18","page","type-page","status-publish","hentry"],"yoast_head":"<!-- This site is optimized with the Yoast SEO plugin v26.9 - https:\/\/yoast.com\/product\/yoast-seo-wordpress\/ -->\n<title>Quienes Somos - High Quality Group<\/title>\n<meta name=\"robots\" content=\"index, follow, max-snippet:-1, max-image-preview:large, max-video-preview:-1\" \/>\n<link rel=\"canonical\" href=\"https:\/\/highqualitygroup.cl\/index.php\/quienes-somos\/\" \/>\n<meta property=\"og:locale\" content=\"es_ES\" \/>\n<meta property=\"og:type\" content=\"article\" \/>\n<meta property=\"og:title\" content=\"Quienes Somos - High Quality Group\" \/>\n<meta property=\"og:description\" content=\"HISTORIA HIGH QUALITY GROUP Ltda., fue creada en abril del a\u00f1o 2017 para proporcionar servicios de excelencia al mundo empresarial relacionados con los sistemas de gesti\u00f3n basados en est\u00e1ndares internacionales. Actualmente cuenta con una importante cartera de clientes y una amplia gama de servicios que incluyen la implementaci\u00f3n, mantenci\u00f3n, auditor\u00edas internas, evaluaciones de cumplimiento legal, [&hellip;]\" \/>\n<meta property=\"og:url\" content=\"https:\/\/highqualitygroup.cl\/index.php\/quienes-somos\/\" \/>\n<meta property=\"og:site_name\" content=\"High Quality Group\" \/>\n<meta property=\"article:modified_time\" content=\"2023-11-06T20:26:21+00:00\" \/>\n<meta name=\"twitter:card\" content=\"summary_large_image\" \/>\n<meta name=\"twitter:label1\" content=\"Tiempo de lectura\" \/>\n\t<meta name=\"twitter:data1\" content=\"2 minutos\" \/>\n<script type=\"application\/ld+json\" class=\"yoast-schema-graph\">{\"@context\":\"https:\/\/schema.org\",\"@graph\":[{\"@type\":\"WebPage\",\"@id\":\"https:\/\/highqualitygroup.cl\/index.php\/quienes-somos\/\",\"url\":\"https:\/\/highqualitygroup.cl\/index.php\/quienes-somos\/\",\"name\":\"Quienes Somos - High Quality Group\",\"isPartOf\":{\"@id\":\"https:\/\/highqualitygroup.cl\/#website\"},\"datePublished\":\"2023-11-06T20:26:20+00:00\",\"dateModified\":\"2023-11-06T20:26:21+00:00\",\"breadcrumb\":{\"@id\":\"https:\/\/highqualitygroup.cl\/index.php\/quienes-somos\/#breadcrumb\"},\"inLanguage\":\"es\",\"potentialAction\":[{\"@type\":\"ReadAction\",\"target\":[\"https:\/\/highqualitygroup.cl\/index.php\/quienes-somos\/\"]}]},{\"@type\":\"BreadcrumbList\",\"@id\":\"https:\/\/highqualitygroup.cl\/index.php\/quienes-somos\/#breadcrumb\",\"itemListElement\":[{\"@type\":\"ListItem\",\"position\":1,\"name\":\"Portada\",\"item\":\"https:\/\/highqualitygroup.cl\/\"},{\"@type\":\"ListItem\",\"position\":2,\"name\":\"Quienes Somos\"}]},{\"@type\":\"WebSite\",\"@id\":\"https:\/\/highqualitygroup.cl\/#website\",\"url\":\"https:\/\/highqualitygroup.cl\/\",\"name\":\"High Quality Group\",\"description\":\"Servicios profesionales de auditoria y consultor\u00eda de normas ISO\",\"publisher\":{\"@id\":\"https:\/\/highqualitygroup.cl\/#organization\"},\"potentialAction\":[{\"@type\":\"SearchAction\",\"target\":{\"@type\":\"EntryPoint\",\"urlTemplate\":\"https:\/\/highqualitygroup.cl\/?s={search_term_string}\"},\"query-input\":{\"@type\":\"PropertyValueSpecification\",\"valueRequired\":true,\"valueName\":\"search_term_string\"}}],\"inLanguage\":\"es\"},{\"@type\":\"Organization\",\"@id\":\"https:\/\/highqualitygroup.cl\/#organization\",\"name\":\"High Quality Group\",\"url\":\"https:\/\/highqualitygroup.cl\/\",\"logo\":{\"@type\":\"ImageObject\",\"inLanguage\":\"es\",\"@id\":\"https:\/\/highqualitygroup.cl\/#\/schema\/logo\/image\/\",\"url\":\"https:\/\/highqualitygroup.cl\/wp-content\/uploads\/2023\/11\/cropped-LOGO-HQG.png\",\"contentUrl\":\"https:\/\/highqualitygroup.cl\/wp-content\/uploads\/2023\/11\/cropped-LOGO-HQG.png\",\"width\":512,\"height\":512,\"caption\":\"High Quality Group\"},\"image\":{\"@id\":\"https:\/\/highqualitygroup.cl\/#\/schema\/logo\/image\/\"}}]}<\/script>\n<!-- \/ Yoast SEO plugin. -->","yoast_head_json":{"title":"Quienes Somos - High Quality Group","robots":{"index":"index","follow":"follow","max-snippet":"max-snippet:-1","max-image-preview":"max-image-preview:large","max-video-preview":"max-video-preview:-1"},"canonical":"https:\/\/highqualitygroup.cl\/index.php\/quienes-somos\/","og_locale":"es_ES","og_type":"article","og_title":"Quienes Somos - High Quality Group","og_description":"HISTORIA HIGH QUALITY GROUP Ltda., fue creada en abril del a\u00f1o 2017 para proporcionar servicios de excelencia al mundo empresarial relacionados con los sistemas de gesti\u00f3n basados en est\u00e1ndares internacionales. Actualmente cuenta con una importante cartera de clientes y una amplia gama de servicios que incluyen la implementaci\u00f3n, mantenci\u00f3n, auditor\u00edas internas, evaluaciones de cumplimiento legal, [&hellip;]","og_url":"https:\/\/highqualitygroup.cl\/index.php\/quienes-somos\/","og_site_name":"High Quality Group","article_modified_time":"2023-11-06T20:26:21+00:00","twitter_card":"summary_large_image","twitter_misc":{"Tiempo de lectura":"2 minutos"},"schema":{"@context":"https:\/\/schema.org","@graph":[{"@type":"WebPage","@id":"https:\/\/highqualitygroup.cl\/index.php\/quienes-somos\/","url":"https:\/\/highqualitygroup.cl\/index.php\/quienes-somos\/","name":"Quienes Somos - High Quality Group","isPartOf":{"@id":"https:\/\/highqualitygroup.cl\/#website"},"datePublished":"2023-11-06T20:26:20+00:00","dateModified":"2023-11-06T20:26:21+00:00","breadcrumb":{"@id":"https:\/\/highqualitygroup.cl\/index.php\/quienes-somos\/#breadcrumb"},"inLanguage":"es","potentialAction":[{"@type":"ReadAction","target":["https:\/\/highqualitygroup.cl\/index.php\/quienes-somos\/"]}]},{"@type":"BreadcrumbList","@id":"https:\/\/highqualitygroup.cl\/index.php\/quienes-somos\/#breadcrumb","itemListElement":[{"@type":"ListItem","position":1,"name":"Portada","item":"https:\/\/highqualitygroup.cl\/"},{"@type":"ListItem","position":2,"name":"Quienes Somos"}]},{"@type":"WebSite","@id":"https:\/\/highqualitygroup.cl\/#website","url":"https:\/\/highqualitygroup.cl\/","name":"High Quality Group","description":"Servicios profesionales de auditoria y consultor\u00eda de normas ISO","publisher":{"@id":"https:\/\/highqualitygroup.cl\/#organization"},"potentialAction":[{"@type":"SearchAction","target":{"@type":"EntryPoint","urlTemplate":"https:\/\/highqualitygroup.cl\/?s={search_term_string}"},"query-input":{"@type":"PropertyValueSpecification","valueRequired":true,"valueName":"search_term_string"}}],"inLanguage":"es"},{"@type":"Organization","@id":"https:\/\/highqualitygroup.cl\/#organization","name":"High Quality Group","url":"https:\/\/highqualitygroup.cl\/","logo":{"@type":"ImageObject","inLanguage":"es","@id":"https:\/\/highqualitygroup.cl\/#\/schema\/logo\/image\/","url":"https:\/\/highqualitygroup.cl\/wp-content\/uploads\/2023\/11\/cropped-LOGO-HQG.png","contentUrl":"https:\/\/highqualitygroup.cl\/wp-content\/uploads\/2023\/11\/cropped-LOGO-HQG.png","width":512,"height":512,"caption":"High Quality Group"},"image":{"@id":"https:\/\/highqualitygroup.cl\/#\/schema\/logo\/image\/"}}]}},"_links":{"self":[{"href":"https:\/\/highqualitygroup.cl\/index.php\/wp-json\/wp\/v2\/pages\/18","targetHints":{"allow":["GET"]}}],"collection":[{"href":"https:\/\/highqualitygroup.cl\/index.php\/wp-json\/wp\/v2\/pages"}],"about":[{"href":"https:\/\/highqualitygroup.cl\/index.php\/wp-json\/wp\/v2\/types\/page"}],"author":[{"embeddable":true,"href":"https:\/\/highqualitygroup.cl\/index.php\/wp-json\/wp\/v2\/users\/1"}],"replies":[{"embeddable":true,"href":"https:\/\/highqualitygroup.cl\/index.php\/wp-json\/wp\/v2\/comments?post=18"}],"version-history":[{"count":1,"href":"https:\/\/highqualitygroup.cl\/index.php\/wp-json\/wp\/v2\/pages\/18\/revisions"}],"predecessor-version":[{"id":19,"href":"https:\/\/highqualitygroup.cl\/index.php\/wp-json\/wp\/v2\/pages\/18\/revisions\/19"}],"wp:attachment":[{"href":"https:\/\/highqualitygroup.cl\/index.php\/wp-json\/wp\/v2\/media?parent=18"}],"curies":[{"name":"wp","href":"https:\/\/api.w.org\/{rel}","templated":true}]}}