{"id":22,"date":"2023-11-06T20:36:57","date_gmt":"2023-11-06T20:36:57","guid":{"rendered":"https:\/\/highqualitygroup.cl\/?page_id=22"},"modified":"2023-11-07T14:26:51","modified_gmt":"2023-11-07T14:26:51","slug":"nuestro-enfoque","status":"publish","type":"page","link":"https:\/\/highqualitygroup.cl\/index.php\/nuestro-enfoque\/","title":{"rendered":"Nuestro enfoque"},"content":{"rendered":"\n<div id=\"wp-block-themeisle-blocks-advanced-columns-6730fbea\" class=\"wp-block-themeisle-blocks-advanced-columns has-2-columns has-desktop-oneTwo-layout has-tablet-equal-layout has-mobile-collapsedRows-layout has-vertical-unset\"><div class=\"wp-block-themeisle-blocks-advanced-columns-overlay\"><\/div><div class=\"innerblocks-wrap\">\n<div id=\"wp-block-themeisle-blocks-advanced-column-4a377b97\" class=\"wp-block-themeisle-blocks-advanced-column\">\n<figure class=\"wp-block-image alignleft size-large is-resized\"><img loading=\"lazy\" decoding=\"async\" width=\"876\" height=\"1024\" src=\"https:\/\/highqualitygroup.cl\/wp-content\/uploads\/2023\/11\/highqualityequipoedificio-876x1024.jpg\" alt=\"\" class=\"wp-image-72\" style=\"aspect-ratio:0.85546875;width:347px;height:auto\" srcset=\"https:\/\/highqualitygroup.cl\/wp-content\/uploads\/2023\/11\/highqualityequipoedificio-876x1024.jpg 876w, https:\/\/highqualitygroup.cl\/wp-content\/uploads\/2023\/11\/highqualityequipoedificio-257x300.jpg 257w, https:\/\/highqualitygroup.cl\/wp-content\/uploads\/2023\/11\/highqualityequipoedificio-768x898.jpg 768w, https:\/\/highqualitygroup.cl\/wp-content\/uploads\/2023\/11\/highqualityequipoedificio.jpg 1170w\" sizes=\"auto, (max-width: 876px) 100vw, 876px\" \/><\/figure>\n<\/div>\n\n\n\n<div id=\"wp-block-themeisle-blocks-advanced-column-b213a335\" class=\"wp-block-themeisle-blocks-advanced-column\">\n<div class=\"wp-block-group is-layout-constrained wp-block-group-is-layout-constrained\">\n<p style=\"font-size:clamp(14px, 0.875rem + ((1vw - 3.2px) * 0.122), 15px);\">En HIGH QUALITY GROUP Ltda., trabajamos en estrecha colaboraci\u00f3n con cada organizaci\u00f3n para abordar sus necesidades y desaf\u00edos operativos espec\u00edficos para desarrollar sistemas de gesti\u00f3n adecuados al prop\u00f3sito y el contexto operativo.<\/p>\n\n\n\n<p style=\"font-size:clamp(14px, 0.875rem + ((1vw - 3.2px) * 0.122), 15px);\">Nuestros consultores han trabajado en una variedad de industrias que incluyen construcci\u00f3n, miner\u00eda, manufactura, comercio, log\u00edstica, educaci\u00f3n, transporte, qu\u00edmica, Ti, entre otras. Tenemos las habilidades y la experiencia necesarias para trabajar con distintos tipos de organizaci\u00f3n y permitir cambios positivos en el lugar de trabajo.<\/p>\n\n\n\n<p style=\"font-size:clamp(14px, 0.875rem + ((1vw - 3.2px) * 0.122), 15px);\">Adoptamos un enfoque pr\u00e1ctico para ayudar a crear los sistemas de gesti\u00f3n m\u00e1s eficientes y que agregan valor.<\/p>\n<\/div>\n<\/div>\n<\/div><\/div>\n\n\n\n<div id=\"wp-block-themeisle-blocks-accordion-620c377a\" class=\"wp-block-themeisle-blocks-accordion exclusive\">\n<details class=\"wp-block-themeisle-blocks-accordion-item\"><summary class=\"wp-block-themeisle-blocks-accordion-item__title\"><div><strong>Contacto Inicial<\/strong><\/div><\/summary><div class=\"wp-block-themeisle-blocks-accordion-item__content\">\n<p>Al ponerse en contacto con nuestro equipo se programa una reuni\u00f3n para discutir sus requisitos iniciales.<br>Nuestro equipo experto trabajar\u00e1 con usted para establecer:<br>\u2022 Los objetivos de su proyecto y los desaf\u00edos actuales<\/p>\n<\/div><\/details>\n\n\n\n<details class=\"wp-block-themeisle-blocks-accordion-item\"><summary class=\"wp-block-themeisle-blocks-accordion-item__title\"><div><strong>Evaluaci\u00f3n<\/strong><\/div><\/summary><div class=\"wp-block-themeisle-blocks-accordion-item__content\">\n<p>Nuestro equipo de consultor\u00eda trabajar\u00e1 con usted para determinar:<br>\u2022 Una comprensi\u00f3n de la direcci\u00f3n estrat\u00e9gica de la organizaci\u00f3n.<br>\u2022 El estado actual de sus sistemas de gesti\u00f3n (cumplimiento y eficacia)<br>\u2022 Desaf\u00edos estrat\u00e9gicos y operativos actuales<br>\u2022 La tecnolog\u00eda, las herramientas y los m\u00e9todos existentes<\/p>\n<\/div><\/details>\n\n\n\n<details class=\"wp-block-themeisle-blocks-accordion-item\"><summary class=\"wp-block-themeisle-blocks-accordion-item__title\"><div><strong>Desarrollo<\/strong><\/div><\/summary><div class=\"wp-block-themeisle-blocks-accordion-item__content\">\n<p>Informados por los datos recopilados en la etapa de evaluaci\u00f3n, trabajamos en colaboraci\u00f3n con nuestros clientes para desarrollar un plan de implementaci\u00f3n. Se documentar\u00e1 e implementar\u00e1 un sistema de gesti\u00f3n para cumplir con los requisitos de los est\u00e1ndares deseados. Supervisaremos y guiaremos a nuestros clientes durante la Implementaci\u00f3n de las pol\u00edticas, procedimientos y los formularios.<\/p>\n<\/div><\/details>\n\n\n\n<details class=\"wp-block-themeisle-blocks-accordion-item\"><summary class=\"wp-block-themeisle-blocks-accordion-item__title\"><div><strong>Verificaci\u00f3n y Mejora<\/strong><\/div><\/summary><div class=\"wp-block-themeisle-blocks-accordion-item__content\">\n<p>Se llevar\u00e1 a cabo una revisi\u00f3n completa del sistema y se iniciar\u00e1n los procesos de aseguramiento y mejora.<br>Nuestro equipo trabajar\u00e1 para:<br>\u2022 Fomentar la auditor\u00eda interna y los procesos de aseguramiento asociados<br>\u2022 Proporcionar las herramientas y el conocimiento para garantizar que se mantenga el aprendizaje y la mejora.<br>\u2022 Asegurar la preparaci\u00f3n para su Auditor\u00eda de Certificaci\u00f3n, Renovaci\u00f3n o Seguimiento.<\/p>\n<\/div><\/details>\n\n\n\n<details class=\"wp-block-themeisle-blocks-accordion-item\"><summary class=\"wp-block-themeisle-blocks-accordion-item__title\"><div><strong>Apoyo Continuo<\/strong><\/div><\/summary><div class=\"wp-block-themeisle-blocks-accordion-item__content\">\n<p>Una vez que las organizaciones obtengan su certificado, enfrentar\u00e1n un nuevo desaf\u00edo para mantener lo que han logrado, ya que cada a\u00f1o el organismo de certificaci\u00f3n regresa para una auditor\u00eda de vigilancia. Ofrecemos este servicio para asegurar la mantenci\u00f3n de su sistema.<\/p>\n<\/div><\/details>\n<\/div>\n","protected":false},"excerpt":{"rendered":"","protected":false},"author":1,"featured_media":0,"parent":0,"menu_order":0,"comment_status":"closed","ping_status":"closed","template":"","meta":{"_themeisle_gutenberg_block_has_review":false,"footnotes":""},"class_list":["post-22","page","type-page","status-publish","hentry"],"yoast_head":"<!-- This site is optimized with the Yoast SEO plugin v26.9 - https:\/\/yoast.com\/product\/yoast-seo-wordpress\/ -->\n<title>Nuestro enfoque - High Quality Group<\/title>\n<meta name=\"robots\" content=\"index, follow, max-snippet:-1, max-image-preview:large, max-video-preview:-1\" \/>\n<link rel=\"canonical\" href=\"https:\/\/highqualitygroup.cl\/index.php\/nuestro-enfoque\/\" \/>\n<meta property=\"og:locale\" content=\"es_ES\" \/>\n<meta property=\"og:type\" content=\"article\" \/>\n<meta property=\"og:title\" content=\"Nuestro enfoque - High Quality Group\" \/>\n<meta property=\"og:url\" content=\"https:\/\/highqualitygroup.cl\/index.php\/nuestro-enfoque\/\" \/>\n<meta property=\"og:site_name\" content=\"High Quality Group\" \/>\n<meta property=\"article:modified_time\" content=\"2023-11-07T14:26:51+00:00\" \/>\n<meta property=\"og:image\" content=\"https:\/\/highqualitygroup.cl\/wp-content\/uploads\/2023\/11\/highqualityequipoedificio-876x1024.jpg\" \/>\n<meta name=\"twitter:card\" content=\"summary_large_image\" \/>\n<meta name=\"twitter:label1\" content=\"Tiempo de lectura\" \/>\n\t<meta name=\"twitter:data1\" content=\"2 minutos\" \/>\n<script type=\"application\/ld+json\" class=\"yoast-schema-graph\">{\"@context\":\"https:\/\/schema.org\",\"@graph\":[{\"@type\":\"WebPage\",\"@id\":\"https:\/\/highqualitygroup.cl\/index.php\/nuestro-enfoque\/\",\"url\":\"https:\/\/highqualitygroup.cl\/index.php\/nuestro-enfoque\/\",\"name\":\"Nuestro enfoque - High Quality Group\",\"isPartOf\":{\"@id\":\"https:\/\/highqualitygroup.cl\/#website\"},\"primaryImageOfPage\":{\"@id\":\"https:\/\/highqualitygroup.cl\/index.php\/nuestro-enfoque\/#primaryimage\"},\"image\":{\"@id\":\"https:\/\/highqualitygroup.cl\/index.php\/nuestro-enfoque\/#primaryimage\"},\"thumbnailUrl\":\"https:\/\/highqualitygroup.cl\/wp-content\/uploads\/2023\/11\/highqualityequipoedificio-876x1024.jpg\",\"datePublished\":\"2023-11-06T20:36:57+00:00\",\"dateModified\":\"2023-11-07T14:26:51+00:00\",\"breadcrumb\":{\"@id\":\"https:\/\/highqualitygroup.cl\/index.php\/nuestro-enfoque\/#breadcrumb\"},\"inLanguage\":\"es\",\"potentialAction\":[{\"@type\":\"ReadAction\",\"target\":[\"https:\/\/highqualitygroup.cl\/index.php\/nuestro-enfoque\/\"]}]},{\"@type\":\"ImageObject\",\"inLanguage\":\"es\",\"@id\":\"https:\/\/highqualitygroup.cl\/index.php\/nuestro-enfoque\/#primaryimage\",\"url\":\"https:\/\/highqualitygroup.cl\/wp-content\/uploads\/2023\/11\/highqualityequipoedificio.jpg\",\"contentUrl\":\"https:\/\/highqualitygroup.cl\/wp-content\/uploads\/2023\/11\/highqualityequipoedificio.jpg\",\"width\":1170,\"height\":1368},{\"@type\":\"BreadcrumbList\",\"@id\":\"https:\/\/highqualitygroup.cl\/index.php\/nuestro-enfoque\/#breadcrumb\",\"itemListElement\":[{\"@type\":\"ListItem\",\"position\":1,\"name\":\"Portada\",\"item\":\"https:\/\/highqualitygroup.cl\/\"},{\"@type\":\"ListItem\",\"position\":2,\"name\":\"Nuestro enfoque\"}]},{\"@type\":\"WebSite\",\"@id\":\"https:\/\/highqualitygroup.cl\/#website\",\"url\":\"https:\/\/highqualitygroup.cl\/\",\"name\":\"High Quality Group\",\"description\":\"Servicios profesionales de auditoria y consultor\u00eda de normas ISO\",\"publisher\":{\"@id\":\"https:\/\/highqualitygroup.cl\/#organization\"},\"potentialAction\":[{\"@type\":\"SearchAction\",\"target\":{\"@type\":\"EntryPoint\",\"urlTemplate\":\"https:\/\/highqualitygroup.cl\/?s={search_term_string}\"},\"query-input\":{\"@type\":\"PropertyValueSpecification\",\"valueRequired\":true,\"valueName\":\"search_term_string\"}}],\"inLanguage\":\"es\"},{\"@type\":\"Organization\",\"@id\":\"https:\/\/highqualitygroup.cl\/#organization\",\"name\":\"High Quality Group\",\"url\":\"https:\/\/highqualitygroup.cl\/\",\"logo\":{\"@type\":\"ImageObject\",\"inLanguage\":\"es\",\"@id\":\"https:\/\/highqualitygroup.cl\/#\/schema\/logo\/image\/\",\"url\":\"https:\/\/highqualitygroup.cl\/wp-content\/uploads\/2023\/11\/cropped-LOGO-HQG.png\",\"contentUrl\":\"https:\/\/highqualitygroup.cl\/wp-content\/uploads\/2023\/11\/cropped-LOGO-HQG.png\",\"width\":512,\"height\":512,\"caption\":\"High Quality Group\"},\"image\":{\"@id\":\"https:\/\/highqualitygroup.cl\/#\/schema\/logo\/image\/\"}}]}<\/script>\n<!-- \/ Yoast SEO plugin. -->","yoast_head_json":{"title":"Nuestro enfoque - High Quality Group","robots":{"index":"index","follow":"follow","max-snippet":"max-snippet:-1","max-image-preview":"max-image-preview:large","max-video-preview":"max-video-preview:-1"},"canonical":"https:\/\/highqualitygroup.cl\/index.php\/nuestro-enfoque\/","og_locale":"es_ES","og_type":"article","og_title":"Nuestro enfoque - High Quality Group","og_url":"https:\/\/highqualitygroup.cl\/index.php\/nuestro-enfoque\/","og_site_name":"High Quality Group","article_modified_time":"2023-11-07T14:26:51+00:00","og_image":[{"url":"https:\/\/highqualitygroup.cl\/wp-content\/uploads\/2023\/11\/highqualityequipoedificio-876x1024.jpg","type":"","width":"","height":""}],"twitter_card":"summary_large_image","twitter_misc":{"Tiempo de lectura":"2 minutos"},"schema":{"@context":"https:\/\/schema.org","@graph":[{"@type":"WebPage","@id":"https:\/\/highqualitygroup.cl\/index.php\/nuestro-enfoque\/","url":"https:\/\/highqualitygroup.cl\/index.php\/nuestro-enfoque\/","name":"Nuestro enfoque - High Quality Group","isPartOf":{"@id":"https:\/\/highqualitygroup.cl\/#website"},"primaryImageOfPage":{"@id":"https:\/\/highqualitygroup.cl\/index.php\/nuestro-enfoque\/#primaryimage"},"image":{"@id":"https:\/\/highqualitygroup.cl\/index.php\/nuestro-enfoque\/#primaryimage"},"thumbnailUrl":"https:\/\/highqualitygroup.cl\/wp-content\/uploads\/2023\/11\/highqualityequipoedificio-876x1024.jpg","datePublished":"2023-11-06T20:36:57+00:00","dateModified":"2023-11-07T14:26:51+00:00","breadcrumb":{"@id":"https:\/\/highqualitygroup.cl\/index.php\/nuestro-enfoque\/#breadcrumb"},"inLanguage":"es","potentialAction":[{"@type":"ReadAction","target":["https:\/\/highqualitygroup.cl\/index.php\/nuestro-enfoque\/"]}]},{"@type":"ImageObject","inLanguage":"es","@id":"https:\/\/highqualitygroup.cl\/index.php\/nuestro-enfoque\/#primaryimage","url":"https:\/\/highqualitygroup.cl\/wp-content\/uploads\/2023\/11\/highqualityequipoedificio.jpg","contentUrl":"https:\/\/highqualitygroup.cl\/wp-content\/uploads\/2023\/11\/highqualityequipoedificio.jpg","width":1170,"height":1368},{"@type":"BreadcrumbList","@id":"https:\/\/highqualitygroup.cl\/index.php\/nuestro-enfoque\/#breadcrumb","itemListElement":[{"@type":"ListItem","position":1,"name":"Portada","item":"https:\/\/highqualitygroup.cl\/"},{"@type":"ListItem","position":2,"name":"Nuestro enfoque"}]},{"@type":"WebSite","@id":"https:\/\/highqualitygroup.cl\/#website","url":"https:\/\/highqualitygroup.cl\/","name":"High Quality Group","description":"Servicios profesionales de auditoria y consultor\u00eda de normas ISO","publisher":{"@id":"https:\/\/highqualitygroup.cl\/#organization"},"potentialAction":[{"@type":"SearchAction","target":{"@type":"EntryPoint","urlTemplate":"https:\/\/highqualitygroup.cl\/?s={search_term_string}"},"query-input":{"@type":"PropertyValueSpecification","valueRequired":true,"valueName":"search_term_string"}}],"inLanguage":"es"},{"@type":"Organization","@id":"https:\/\/highqualitygroup.cl\/#organization","name":"High Quality Group","url":"https:\/\/highqualitygroup.cl\/","logo":{"@type":"ImageObject","inLanguage":"es","@id":"https:\/\/highqualitygroup.cl\/#\/schema\/logo\/image\/","url":"https:\/\/highqualitygroup.cl\/wp-content\/uploads\/2023\/11\/cropped-LOGO-HQG.png","contentUrl":"https:\/\/highqualitygroup.cl\/wp-content\/uploads\/2023\/11\/cropped-LOGO-HQG.png","width":512,"height":512,"caption":"High Quality Group"},"image":{"@id":"https:\/\/highqualitygroup.cl\/#\/schema\/logo\/image\/"}}]}},"_links":{"self":[{"href":"https:\/\/highqualitygroup.cl\/index.php\/wp-json\/wp\/v2\/pages\/22","targetHints":{"allow":["GET"]}}],"collection":[{"href":"https:\/\/highqualitygroup.cl\/index.php\/wp-json\/wp\/v2\/pages"}],"about":[{"href":"https:\/\/highqualitygroup.cl\/index.php\/wp-json\/wp\/v2\/types\/page"}],"author":[{"embeddable":true,"href":"https:\/\/highqualitygroup.cl\/index.php\/wp-json\/wp\/v2\/users\/1"}],"replies":[{"embeddable":true,"href":"https:\/\/highqualitygroup.cl\/index.php\/wp-json\/wp\/v2\/comments?post=22"}],"version-history":[{"count":2,"href":"https:\/\/highqualitygroup.cl\/index.php\/wp-json\/wp\/v2\/pages\/22\/revisions"}],"predecessor-version":[{"id":74,"href":"https:\/\/highqualitygroup.cl\/index.php\/wp-json\/wp\/v2\/pages\/22\/revisions\/74"}],"wp:attachment":[{"href":"https:\/\/highqualitygroup.cl\/index.php\/wp-json\/wp\/v2\/media?parent=22"}],"curies":[{"name":"wp","href":"https:\/\/api.w.org\/{rel}","templated":true}]}}