{"id":24,"date":"2023-11-06T20:37:52","date_gmt":"2023-11-06T20:37:52","guid":{"rendered":"https:\/\/highqualitygroup.cl\/?page_id=24"},"modified":"2023-11-07T18:05:20","modified_gmt":"2023-11-07T18:05:20","slug":"clientes","status":"publish","type":"page","link":"https:\/\/highqualitygroup.cl\/index.php\/clientes\/","title":{"rendered":"Clientes"},"content":{"rendered":"\n<p>Relix Water S.A.<\/p>\n\n\n\n<p>Asmin Industrial Ltda.<\/p>\n\n\n\n<p>Compa\u00f1\u00eda CIC S.A.<\/p>\n\n\n\n<p>STM S.A. <\/p>\n\n\n\n<p>Instituto Profesional IP Chile<\/p>\n\n\n\n<p>ABC Escuela de Conductores Ltda.<\/p>\n\n\n\n<p>Sodexo Soluciones de Motivaci\u00f3n Chile S.A.<\/p>\n\n\n\n<p>San Jorge Packaging S.A.<\/p>\n\n\n\n<p>Tecnofast S.A.<\/p>\n\n\n\n<p>China Railway Construction Corporation International Ltda.<\/p>\n","protected":false},"excerpt":{"rendered":"<p>Relix Water S.A. Asmin Industrial Ltda. Compa\u00f1\u00eda CIC S.A. STM S.A. Instituto Profesional IP Chile ABC Escuela de Conductores Ltda. Sodexo Soluciones de Motivaci\u00f3n Chile S.A. San Jorge Packaging S.A. Tecnofast S.A. China Railway Construction Corporation International Ltda.<\/p>\n","protected":false},"author":1,"featured_media":0,"parent":0,"menu_order":0,"comment_status":"closed","ping_status":"closed","template":"","meta":{"_themeisle_gutenberg_block_has_review":false,"footnotes":""},"class_list":["post-24","page","type-page","status-publish","hentry"],"yoast_head":"<!-- This site is optimized with the Yoast SEO plugin v26.9 - https:\/\/yoast.com\/product\/yoast-seo-wordpress\/ -->\n<title>Clientes - High Quality Group<\/title>\n<meta name=\"robots\" content=\"index, follow, max-snippet:-1, max-image-preview:large, max-video-preview:-1\" \/>\n<link rel=\"canonical\" href=\"https:\/\/highqualitygroup.cl\/index.php\/clientes\/\" \/>\n<meta property=\"og:locale\" content=\"es_ES\" \/>\n<meta property=\"og:type\" content=\"article\" \/>\n<meta property=\"og:title\" content=\"Clientes - High Quality Group\" \/>\n<meta property=\"og:description\" content=\"Relix Water S.A. Asmin Industrial Ltda. Compa\u00f1\u00eda CIC S.A. STM S.A. Instituto Profesional IP Chile ABC Escuela de Conductores Ltda. Sodexo Soluciones de Motivaci\u00f3n Chile S.A. San Jorge Packaging S.A. Tecnofast S.A. China Railway Construction Corporation International Ltda.\" \/>\n<meta property=\"og:url\" content=\"https:\/\/highqualitygroup.cl\/index.php\/clientes\/\" \/>\n<meta property=\"og:site_name\" content=\"High Quality Group\" \/>\n<meta property=\"article:modified_time\" content=\"2023-11-07T18:05:20+00:00\" \/>\n<meta name=\"twitter:card\" content=\"summary_large_image\" \/>\n<meta name=\"twitter:label1\" content=\"Tiempo de lectura\" \/>\n\t<meta name=\"twitter:data1\" content=\"1 minuto\" \/>\n<script type=\"application\/ld+json\" class=\"yoast-schema-graph\">{\"@context\":\"https:\/\/schema.org\",\"@graph\":[{\"@type\":\"WebPage\",\"@id\":\"https:\/\/highqualitygroup.cl\/index.php\/clientes\/\",\"url\":\"https:\/\/highqualitygroup.cl\/index.php\/clientes\/\",\"name\":\"Clientes - High Quality Group\",\"isPartOf\":{\"@id\":\"https:\/\/highqualitygroup.cl\/#website\"},\"datePublished\":\"2023-11-06T20:37:52+00:00\",\"dateModified\":\"2023-11-07T18:05:20+00:00\",\"breadcrumb\":{\"@id\":\"https:\/\/highqualitygroup.cl\/index.php\/clientes\/#breadcrumb\"},\"inLanguage\":\"es\",\"potentialAction\":[{\"@type\":\"ReadAction\",\"target\":[\"https:\/\/highqualitygroup.cl\/index.php\/clientes\/\"]}]},{\"@type\":\"BreadcrumbList\",\"@id\":\"https:\/\/highqualitygroup.cl\/index.php\/clientes\/#breadcrumb\",\"itemListElement\":[{\"@type\":\"ListItem\",\"position\":1,\"name\":\"Portada\",\"item\":\"https:\/\/highqualitygroup.cl\/\"},{\"@type\":\"ListItem\",\"position\":2,\"name\":\"Clientes\"}]},{\"@type\":\"WebSite\",\"@id\":\"https:\/\/highqualitygroup.cl\/#website\",\"url\":\"https:\/\/highqualitygroup.cl\/\",\"name\":\"High Quality Group\",\"description\":\"Servicios profesionales de auditoria y consultor\u00eda de normas ISO\",\"publisher\":{\"@id\":\"https:\/\/highqualitygroup.cl\/#organization\"},\"potentialAction\":[{\"@type\":\"SearchAction\",\"target\":{\"@type\":\"EntryPoint\",\"urlTemplate\":\"https:\/\/highqualitygroup.cl\/?s={search_term_string}\"},\"query-input\":{\"@type\":\"PropertyValueSpecification\",\"valueRequired\":true,\"valueName\":\"search_term_string\"}}],\"inLanguage\":\"es\"},{\"@type\":\"Organization\",\"@id\":\"https:\/\/highqualitygroup.cl\/#organization\",\"name\":\"High Quality Group\",\"url\":\"https:\/\/highqualitygroup.cl\/\",\"logo\":{\"@type\":\"ImageObject\",\"inLanguage\":\"es\",\"@id\":\"https:\/\/highqualitygroup.cl\/#\/schema\/logo\/image\/\",\"url\":\"https:\/\/highqualitygroup.cl\/wp-content\/uploads\/2023\/11\/cropped-LOGO-HQG.png\",\"contentUrl\":\"https:\/\/highqualitygroup.cl\/wp-content\/uploads\/2023\/11\/cropped-LOGO-HQG.png\",\"width\":512,\"height\":512,\"caption\":\"High Quality Group\"},\"image\":{\"@id\":\"https:\/\/highqualitygroup.cl\/#\/schema\/logo\/image\/\"}}]}<\/script>\n<!-- \/ Yoast SEO plugin. -->","yoast_head_json":{"title":"Clientes - High Quality Group","robots":{"index":"index","follow":"follow","max-snippet":"max-snippet:-1","max-image-preview":"max-image-preview:large","max-video-preview":"max-video-preview:-1"},"canonical":"https:\/\/highqualitygroup.cl\/index.php\/clientes\/","og_locale":"es_ES","og_type":"article","og_title":"Clientes - High Quality Group","og_description":"Relix Water S.A. Asmin Industrial Ltda. Compa\u00f1\u00eda CIC S.A. STM S.A. Instituto Profesional IP Chile ABC Escuela de Conductores Ltda. Sodexo Soluciones de Motivaci\u00f3n Chile S.A. San Jorge Packaging S.A. Tecnofast S.A. China Railway Construction Corporation International Ltda.","og_url":"https:\/\/highqualitygroup.cl\/index.php\/clientes\/","og_site_name":"High Quality Group","article_modified_time":"2023-11-07T18:05:20+00:00","twitter_card":"summary_large_image","twitter_misc":{"Tiempo de lectura":"1 minuto"},"schema":{"@context":"https:\/\/schema.org","@graph":[{"@type":"WebPage","@id":"https:\/\/highqualitygroup.cl\/index.php\/clientes\/","url":"https:\/\/highqualitygroup.cl\/index.php\/clientes\/","name":"Clientes - High Quality Group","isPartOf":{"@id":"https:\/\/highqualitygroup.cl\/#website"},"datePublished":"2023-11-06T20:37:52+00:00","dateModified":"2023-11-07T18:05:20+00:00","breadcrumb":{"@id":"https:\/\/highqualitygroup.cl\/index.php\/clientes\/#breadcrumb"},"inLanguage":"es","potentialAction":[{"@type":"ReadAction","target":["https:\/\/highqualitygroup.cl\/index.php\/clientes\/"]}]},{"@type":"BreadcrumbList","@id":"https:\/\/highqualitygroup.cl\/index.php\/clientes\/#breadcrumb","itemListElement":[{"@type":"ListItem","position":1,"name":"Portada","item":"https:\/\/highqualitygroup.cl\/"},{"@type":"ListItem","position":2,"name":"Clientes"}]},{"@type":"WebSite","@id":"https:\/\/highqualitygroup.cl\/#website","url":"https:\/\/highqualitygroup.cl\/","name":"High Quality Group","description":"Servicios profesionales de auditoria y consultor\u00eda de normas ISO","publisher":{"@id":"https:\/\/highqualitygroup.cl\/#organization"},"potentialAction":[{"@type":"SearchAction","target":{"@type":"EntryPoint","urlTemplate":"https:\/\/highqualitygroup.cl\/?s={search_term_string}"},"query-input":{"@type":"PropertyValueSpecification","valueRequired":true,"valueName":"search_term_string"}}],"inLanguage":"es"},{"@type":"Organization","@id":"https:\/\/highqualitygroup.cl\/#organization","name":"High Quality Group","url":"https:\/\/highqualitygroup.cl\/","logo":{"@type":"ImageObject","inLanguage":"es","@id":"https:\/\/highqualitygroup.cl\/#\/schema\/logo\/image\/","url":"https:\/\/highqualitygroup.cl\/wp-content\/uploads\/2023\/11\/cropped-LOGO-HQG.png","contentUrl":"https:\/\/highqualitygroup.cl\/wp-content\/uploads\/2023\/11\/cropped-LOGO-HQG.png","width":512,"height":512,"caption":"High Quality Group"},"image":{"@id":"https:\/\/highqualitygroup.cl\/#\/schema\/logo\/image\/"}}]}},"_links":{"self":[{"href":"https:\/\/highqualitygroup.cl\/index.php\/wp-json\/wp\/v2\/pages\/24","targetHints":{"allow":["GET"]}}],"collection":[{"href":"https:\/\/highqualitygroup.cl\/index.php\/wp-json\/wp\/v2\/pages"}],"about":[{"href":"https:\/\/highqualitygroup.cl\/index.php\/wp-json\/wp\/v2\/types\/page"}],"author":[{"embeddable":true,"href":"https:\/\/highqualitygroup.cl\/index.php\/wp-json\/wp\/v2\/users\/1"}],"replies":[{"embeddable":true,"href":"https:\/\/highqualitygroup.cl\/index.php\/wp-json\/wp\/v2\/comments?post=24"}],"version-history":[{"count":3,"href":"https:\/\/highqualitygroup.cl\/index.php\/wp-json\/wp\/v2\/pages\/24\/revisions"}],"predecessor-version":[{"id":77,"href":"https:\/\/highqualitygroup.cl\/index.php\/wp-json\/wp\/v2\/pages\/24\/revisions\/77"}],"wp:attachment":[{"href":"https:\/\/highqualitygroup.cl\/index.php\/wp-json\/wp\/v2\/media?parent=24"}],"curies":[{"name":"wp","href":"https:\/\/api.w.org\/{rel}","templated":true}]}}